{"id":91,"date":"2021-07-18T14:20:38","date_gmt":"2021-07-18T13:20:38","guid":{"rendered":"http:\/\/test.jlaybourn.dk\/?page_id=91"},"modified":"2021-07-25T08:24:18","modified_gmt":"2021-07-25T08:24:18","slug":"kahlua","status":"publish","type":"page","link":"https:\/\/stutteri-laybourn.dk\/?page_id=91","title":{"rendered":"Kahl\u00faa"},"content":{"rendered":"\n<figure class=\"wp-block-image size-large\"><img loading=\"lazy\" decoding=\"async\" width=\"720\" height=\"586\" src=\"https:\/\/stutteri-laybourn.dk\/wp-content\/uploads\/2021\/07\/Kahlua.jpeg.jpeg\" alt=\"\" class=\"wp-image-92\" srcset=\"https:\/\/stutteri-laybourn.dk\/wp-content\/uploads\/2021\/07\/Kahlua.jpeg.jpeg 720w, https:\/\/stutteri-laybourn.dk\/wp-content\/uploads\/2021\/07\/Kahlua.jpeg-300x244.jpeg 300w\" sizes=\"auto, (max-width: 720px) 100vw, 720px\" \/><\/figure>\n\n\n\n<p>Ellemose&#8217;s\u00a0Kahl\u00faa<br>f. 2008<br><br>F. Idon Busklund<br>M. Birkeg\u00e5rdens Dot<br>MF. Limbo<br><br>Kahl\u00faa er k\u00e5ret med 8877 88 666 7 i helhed.<\/p>\n","protected":false},"excerpt":{"rendered":"<p>Ellemose&#8217;s\u00a0Kahl\u00faaf. 2008 F. Idon BusklundM. Birkeg\u00e5rdens DotMF. Limbo Kahl\u00faa er k\u00e5ret med 8877 88 666 7 i helhed.<\/p>\n","protected":false},"author":1,"featured_media":0,"parent":0,"menu_order":0,"comment_status":"closed","ping_status":"closed","template":"","meta":{"footnotes":""},"class_list":["post-91","page","type-page","status-publish","hentry","entry"],"_links":{"self":[{"href":"https:\/\/stutteri-laybourn.dk\/index.php?rest_route=\/wp\/v2\/pages\/91","targetHints":{"allow":["GET"]}}],"collection":[{"href":"https:\/\/stutteri-laybourn.dk\/index.php?rest_route=\/wp\/v2\/pages"}],"about":[{"href":"https:\/\/stutteri-laybourn.dk\/index.php?rest_route=\/wp\/v2\/types\/page"}],"author":[{"embeddable":true,"href":"https:\/\/stutteri-laybourn.dk\/index.php?rest_route=\/wp\/v2\/users\/1"}],"replies":[{"embeddable":true,"href":"https:\/\/stutteri-laybourn.dk\/index.php?rest_route=%2Fwp%2Fv2%2Fcomments&post=91"}],"version-history":[{"count":1,"href":"https:\/\/stutteri-laybourn.dk\/index.php?rest_route=\/wp\/v2\/pages\/91\/revisions"}],"predecessor-version":[{"id":126,"href":"https:\/\/stutteri-laybourn.dk\/index.php?rest_route=\/wp\/v2\/pages\/91\/revisions\/126"}],"wp:attachment":[{"href":"https:\/\/stutteri-laybourn.dk\/index.php?rest_route=%2Fwp%2Fv2%2Fmedia&parent=91"}],"curies":[{"name":"wp","href":"https:\/\/api.w.org\/{rel}","templated":true}]}}