{"id":86,"date":"2021-07-18T14:14:03","date_gmt":"2021-07-18T13:14:03","guid":{"rendered":"http:\/\/test.jlaybourn.dk\/?page_id=86"},"modified":"2021-07-18T14:14:03","modified_gmt":"2021-07-18T13:14:03","slug":"sahara","status":"publish","type":"page","link":"https:\/\/stutteri-laybourn.dk\/?page_id=86","title":{"rendered":"Sahara"},"content":{"rendered":"\n<figure class=\"wp-block-image size-large\"><img loading=\"lazy\" decoding=\"async\" width=\"720\" height=\"540\" src=\"https:\/\/stutteri-laybourn.dk\/wp-content\/uploads\/2021\/07\/Sahara.jpeg.jpeg\" alt=\"\" class=\"wp-image-88\" srcset=\"https:\/\/stutteri-laybourn.dk\/wp-content\/uploads\/2021\/07\/Sahara.jpeg.jpeg 720w, https:\/\/stutteri-laybourn.dk\/wp-content\/uploads\/2021\/07\/Sahara.jpeg-300x225.jpeg 300w\" sizes=\"auto, (max-width: 720px) 100vw, 720px\" \/><\/figure>\n\n\n\n<p>Laybourns Red Sahara<br>f. 2012<br><br>M. Ellemose`s Kahl\u00faa<br>F. Glibings Ajs<br>MF. Idon Busklund<br><br>Sahara blev udstillet til plagskue som 2 \u00e5rs med karaktererne 9888-9 i helhed og BIS\u00a0<br>Sahara er k\u00e5ret med 7776 68 766 7 i Helhed<br><br>Sahara kom alvorligt til skade i en trailer ulykke, som 2 \u00e5rs, som desv\u00e6rre p\u00e5virkede hendes endelige k\u00e5ringsresultat.<\/p>\n","protected":false},"excerpt":{"rendered":"<p>Laybourns Red Saharaf. 2012 M. Ellemose`s Kahl\u00faaF. Glibings AjsMF. Idon Busklund Sahara blev udstillet til plagskue som 2 \u00e5rs med karaktererne 9888-9 i helhed og BIS\u00a0Sahara er k\u00e5ret med 7776 68 766 7 i Helhed Sahara kom alvorligt til skade i en trailer ulykke, som 2 \u00e5rs, som desv\u00e6rre p\u00e5virkede hendes endelige k\u00e5ringsresultat.<\/p>\n","protected":false},"author":1,"featured_media":0,"parent":0,"menu_order":0,"comment_status":"closed","ping_status":"closed","template":"","meta":{"footnotes":""},"class_list":["post-86","page","type-page","status-publish","hentry","entry"],"_links":{"self":[{"href":"https:\/\/stutteri-laybourn.dk\/index.php?rest_route=\/wp\/v2\/pages\/86","targetHints":{"allow":["GET"]}}],"collection":[{"href":"https:\/\/stutteri-laybourn.dk\/index.php?rest_route=\/wp\/v2\/pages"}],"about":[{"href":"https:\/\/stutteri-laybourn.dk\/index.php?rest_route=\/wp\/v2\/types\/page"}],"author":[{"embeddable":true,"href":"https:\/\/stutteri-laybourn.dk\/index.php?rest_route=\/wp\/v2\/users\/1"}],"replies":[{"embeddable":true,"href":"https:\/\/stutteri-laybourn.dk\/index.php?rest_route=%2Fwp%2Fv2%2Fcomments&post=86"}],"version-history":[{"count":0,"href":"https:\/\/stutteri-laybourn.dk\/index.php?rest_route=\/wp\/v2\/pages\/86\/revisions"}],"wp:attachment":[{"href":"https:\/\/stutteri-laybourn.dk\/index.php?rest_route=%2Fwp%2Fv2%2Fmedia&parent=86"}],"curies":[{"name":"wp","href":"https:\/\/api.w.org\/{rel}","templated":true}]}}