{"id":82,"date":"2021-07-18T14:09:26","date_gmt":"2021-07-18T13:09:26","guid":{"rendered":"http:\/\/test.jlaybourn.dk\/?page_id=82"},"modified":"2021-07-18T14:09:26","modified_gmt":"2021-07-18T13:09:26","slug":"mocca","status":"publish","type":"page","link":"https:\/\/stutteri-laybourn.dk\/?page_id=82","title":{"rendered":"Mocca"},"content":{"rendered":"\n<figure class=\"wp-block-image size-large\"><img decoding=\"async\" src=\"http:\/\/test.jlaybourn.dk\/wp-content\/uploads\/2021\/07\/Mocca.jpeg-1024x768.jpeg\" alt=\"\" class=\"wp-image-83\"\/><\/figure>\n\n\n\n<p>Laybourns Golden Mocca<br>f. 2016<br><br>M. Ellemose\u00b4s Kahl\u00faa<br>F. Glibings Ajs<br>MF. Idon Busklund<br><br>Mocca blev som 1 \u00e5rs. \u00c5rets plag med karaktererne \u00a09988 9 i helhed<br><br>Mocca blev som 3 \u00e5rs k\u00e5ret med 8878 99 888 8 i helhed\u00a0+ BIS<\/p>\n","protected":false},"excerpt":{"rendered":"<p>Laybourns Golden Moccaf. 2016 M. Ellemose\u00b4s Kahl\u00faaF. Glibings AjsMF. Idon Busklund Mocca blev som 1 \u00e5rs. \u00c5rets plag med karaktererne \u00a09988 9 i helhed Mocca blev som 3 \u00e5rs k\u00e5ret med 8878 99 888 8 i helhed\u00a0+ BIS<\/p>\n","protected":false},"author":1,"featured_media":0,"parent":0,"menu_order":0,"comment_status":"closed","ping_status":"closed","template":"","meta":{"footnotes":""},"class_list":["post-82","page","type-page","status-publish","hentry","entry"],"_links":{"self":[{"href":"https:\/\/stutteri-laybourn.dk\/index.php?rest_route=\/wp\/v2\/pages\/82","targetHints":{"allow":["GET"]}}],"collection":[{"href":"https:\/\/stutteri-laybourn.dk\/index.php?rest_route=\/wp\/v2\/pages"}],"about":[{"href":"https:\/\/stutteri-laybourn.dk\/index.php?rest_route=\/wp\/v2\/types\/page"}],"author":[{"embeddable":true,"href":"https:\/\/stutteri-laybourn.dk\/index.php?rest_route=\/wp\/v2\/users\/1"}],"replies":[{"embeddable":true,"href":"https:\/\/stutteri-laybourn.dk\/index.php?rest_route=%2Fwp%2Fv2%2Fcomments&post=82"}],"version-history":[{"count":0,"href":"https:\/\/stutteri-laybourn.dk\/index.php?rest_route=\/wp\/v2\/pages\/82\/revisions"}],"wp:attachment":[{"href":"https:\/\/stutteri-laybourn.dk\/index.php?rest_route=%2Fwp%2Fv2%2Fmedia&parent=82"}],"curies":[{"name":"wp","href":"https:\/\/api.w.org\/{rel}","templated":true}]}}