{"id":70,"date":"2021-07-18T13:55:39","date_gmt":"2021-07-18T12:55:39","guid":{"rendered":"http:\/\/test.jlaybourn.dk\/?page_id=70"},"modified":"2023-08-07T10:02:06","modified_gmt":"2023-08-07T10:02:06","slug":"canaja","status":"publish","type":"page","link":"https:\/\/stutteri-laybourn.dk\/?page_id=70","title":{"rendered":"Canaja"},"content":{"rendered":"\n<figure class=\"wp-block-image size-large\"><img loading=\"lazy\" decoding=\"async\" width=\"960\" height=\"541\" src=\"https:\/\/stutteri-laybourn.dk\/wp-content\/uploads\/2021\/07\/Canaja.jpeg.jpeg\" alt=\"\" class=\"wp-image-71\" srcset=\"https:\/\/stutteri-laybourn.dk\/wp-content\/uploads\/2021\/07\/Canaja.jpeg.jpeg 960w, https:\/\/stutteri-laybourn.dk\/wp-content\/uploads\/2021\/07\/Canaja.jpeg-300x169.jpeg 300w, https:\/\/stutteri-laybourn.dk\/wp-content\/uploads\/2021\/07\/Canaja.jpeg-768x433.jpeg 768w\" sizes=\"auto, (max-width: 960px) 100vw, 960px\" \/><\/figure>\n\n\n\n<p>Laybourns Creamy Canaja<br>f. 2020<br><br>M. Ellemose\u00b4s Kahl\u00faa<br>F. Optimist Halsn\u00e6s<br>MF. Idon Busklund<br><br>Canaja blev solgt som 1 \u00e5rs til Fyn<\/p>\n","protected":false},"excerpt":{"rendered":"<p>Laybourns Creamy Canajaf. 2020 M. Ellemose\u00b4s Kahl\u00faaF. Optimist Halsn\u00e6sMF. Idon Busklund Canaja blev solgt som 1 \u00e5rs til Fyn<\/p>\n","protected":false},"author":1,"featured_media":0,"parent":0,"menu_order":0,"comment_status":"closed","ping_status":"closed","template":"","meta":{"footnotes":""},"class_list":["post-70","page","type-page","status-publish","hentry","entry"],"_links":{"self":[{"href":"https:\/\/stutteri-laybourn.dk\/index.php?rest_route=\/wp\/v2\/pages\/70","targetHints":{"allow":["GET"]}}],"collection":[{"href":"https:\/\/stutteri-laybourn.dk\/index.php?rest_route=\/wp\/v2\/pages"}],"about":[{"href":"https:\/\/stutteri-laybourn.dk\/index.php?rest_route=\/wp\/v2\/types\/page"}],"author":[{"embeddable":true,"href":"https:\/\/stutteri-laybourn.dk\/index.php?rest_route=\/wp\/v2\/users\/1"}],"replies":[{"embeddable":true,"href":"https:\/\/stutteri-laybourn.dk\/index.php?rest_route=%2Fwp%2Fv2%2Fcomments&post=70"}],"version-history":[{"count":1,"href":"https:\/\/stutteri-laybourn.dk\/index.php?rest_route=\/wp\/v2\/pages\/70\/revisions"}],"predecessor-version":[{"id":144,"href":"https:\/\/stutteri-laybourn.dk\/index.php?rest_route=\/wp\/v2\/pages\/70\/revisions\/144"}],"wp:attachment":[{"href":"https:\/\/stutteri-laybourn.dk\/index.php?rest_route=%2Fwp%2Fv2%2Fmedia&parent=70"}],"curies":[{"name":"wp","href":"https:\/\/api.w.org\/{rel}","templated":true}]}}