{"id":56,"date":"2021-07-17T21:48:06","date_gmt":"2021-07-17T19:48:06","guid":{"rendered":"http:\/\/test.jlaybourn.dk\/?page_id=56"},"modified":"2021-07-17T21:48:06","modified_gmt":"2021-07-17T19:48:06","slug":"safran","status":"publish","type":"page","link":"https:\/\/stutteri-laybourn.dk\/?page_id=56","title":{"rendered":"Safran"},"content":{"rendered":"\n<figure class=\"wp-block-image size-large\"><img loading=\"lazy\" decoding=\"async\" width=\"720\" height=\"960\" src=\"https:\/\/stutteri-laybourn.dk\/wp-content\/uploads\/2021\/07\/Safran.jpeg.jpeg\" alt=\"\" class=\"wp-image-57\" srcset=\"https:\/\/stutteri-laybourn.dk\/wp-content\/uploads\/2021\/07\/Safran.jpeg.jpeg 720w, https:\/\/stutteri-laybourn.dk\/wp-content\/uploads\/2021\/07\/Safran.jpeg-225x300.jpeg 225w\" sizes=\"auto, (max-width: 720px) 100vw, 720px\" \/><\/figure>\n\n\n\n<p>Laybourns Purple Safran<br>f. 2018<br><br>M. Laybourns Red Sahara<br>F. Optimist Halsn\u00e6s<br>MF. Glibings Ajs<br><br>Safran blev som 1 \u00e5rs fl\u00f8j med karaktererne 9889-9 i helhed<br><br>Safran er som 3 \u00e5rs k\u00e5ret med 8888 77 877 8 i helhed<\/p>\n","protected":false},"excerpt":{"rendered":"<p>Laybourns Purple Safranf. 2018 M. Laybourns Red SaharaF. Optimist Halsn\u00e6sMF. Glibings Ajs Safran blev som 1 \u00e5rs fl\u00f8j med karaktererne 9889-9 i helhed Safran er som 3 \u00e5rs k\u00e5ret med 8888 77 877 8 i helhed<\/p>\n","protected":false},"author":1,"featured_media":0,"parent":0,"menu_order":0,"comment_status":"closed","ping_status":"closed","template":"","meta":{"footnotes":""},"class_list":["post-56","page","type-page","status-publish","hentry","entry"],"_links":{"self":[{"href":"https:\/\/stutteri-laybourn.dk\/index.php?rest_route=\/wp\/v2\/pages\/56","targetHints":{"allow":["GET"]}}],"collection":[{"href":"https:\/\/stutteri-laybourn.dk\/index.php?rest_route=\/wp\/v2\/pages"}],"about":[{"href":"https:\/\/stutteri-laybourn.dk\/index.php?rest_route=\/wp\/v2\/types\/page"}],"author":[{"embeddable":true,"href":"https:\/\/stutteri-laybourn.dk\/index.php?rest_route=\/wp\/v2\/users\/1"}],"replies":[{"embeddable":true,"href":"https:\/\/stutteri-laybourn.dk\/index.php?rest_route=%2Fwp%2Fv2%2Fcomments&post=56"}],"version-history":[{"count":0,"href":"https:\/\/stutteri-laybourn.dk\/index.php?rest_route=\/wp\/v2\/pages\/56\/revisions"}],"wp:attachment":[{"href":"https:\/\/stutteri-laybourn.dk\/index.php?rest_route=%2Fwp%2Fv2%2Fmedia&parent=56"}],"curies":[{"name":"wp","href":"https:\/\/api.w.org\/{rel}","templated":true}]}}