{"id":152,"date":"2023-08-07T10:03:38","date_gmt":"2023-08-07T10:03:38","guid":{"rendered":"http:\/\/stutteri-laybourn.dk\/?page_id=152"},"modified":"2023-08-07T12:33:54","modified_gmt":"2023-08-07T12:33:54","slug":"malkia","status":"publish","type":"page","link":"https:\/\/stutteri-laybourn.dk\/?page_id=152","title":{"rendered":"Malkia"},"content":{"rendered":"\n<figure class=\"wp-block-image size-large\"><img loading=\"lazy\" decoding=\"async\" width=\"1024\" height=\"768\" src=\"https:\/\/stutteri-laybourn.dk\/wp-content\/uploads\/2023\/08\/malkia0-1024x768.jpeg\" alt=\"\" class=\"wp-image-153\" srcset=\"https:\/\/stutteri-laybourn.dk\/wp-content\/uploads\/2023\/08\/malkia0-1024x768.jpeg 1024w, https:\/\/stutteri-laybourn.dk\/wp-content\/uploads\/2023\/08\/malkia0-300x225.jpeg 300w, https:\/\/stutteri-laybourn.dk\/wp-content\/uploads\/2023\/08\/malkia0-768x576.jpeg 768w, https:\/\/stutteri-laybourn.dk\/wp-content\/uploads\/2023\/08\/malkia0.jpeg 1286w\" sizes=\"auto, (max-width: 1024px) 100vw, 1024px\" \/><\/figure>\n\n\n\n<p>Laybourns Black Malkia<\/p>\n\n\n\n<p>f. 05\/2023<\/p>\n\n\n\n<p>M. Laybourns Red Sahara  (k\u00e5ret med 7 i helhed)<br>F. Tronn Fjording  (k\u00e5ret med 9 i helhed)<br>MF. Glibings Ajs  (k\u00e5ret med 9 i helhed)<\/p>\n\n\n\n<p>Feminin, udtryksfuld, yderst velg\u00e5ende hoppe.<\/p>\n\n\n\n<p>Oplagt emne til avl eller sport.<\/p>\n\n\n\n<p>Malkia besidder et super temperament, er kontakts\u00f8gende og er nysgerrig p\u00e5 nye ting. Malkia er vokset op med andre f\u00f8l og plage.<\/p>\n\n\n\n<p>Malkia kan de basale ting et f\u00f8l skal kunne.<\/p>\n\n\n\n<figure class=\"wp-block-image size-large\"><img loading=\"lazy\" decoding=\"async\" width=\"768\" height=\"1024\" src=\"https:\/\/stutteri-laybourn.dk\/wp-content\/uploads\/2023\/08\/malkia1-768x1024.jpeg\" alt=\"\" class=\"wp-image-165\" srcset=\"https:\/\/stutteri-laybourn.dk\/wp-content\/uploads\/2023\/08\/malkia1-768x1024.jpeg 768w, https:\/\/stutteri-laybourn.dk\/wp-content\/uploads\/2023\/08\/malkia1-225x300.jpeg 225w, https:\/\/stutteri-laybourn.dk\/wp-content\/uploads\/2023\/08\/malkia1-1152x1536.jpeg 1152w, https:\/\/stutteri-laybourn.dk\/wp-content\/uploads\/2023\/08\/malkia1.jpeg 1350w\" sizes=\"auto, (max-width: 768px) 100vw, 768px\" \/><\/figure>\n","protected":false},"excerpt":{"rendered":"<p>Laybourns Black Malkia f. 05\/2023 M. Laybourns Red Sahara (k\u00e5ret med 7 i helhed)F. Tronn Fjording (k\u00e5ret med 9 i helhed)MF. Glibings Ajs (k\u00e5ret med 9 i helhed) Feminin, udtryksfuld, yderst velg\u00e5ende hoppe. Oplagt emne til avl eller sport. Malkia besidder et super temperament, er kontakts\u00f8gende og er nysgerrig p\u00e5 nye ting. Malkia er vokset&hellip; <a class=\"more-link\" href=\"https:\/\/stutteri-laybourn.dk\/?page_id=152\">L\u00e6s mere <span class=\"screen-reader-text\">Malkia<\/span><\/a><\/p>\n","protected":false},"author":1,"featured_media":0,"parent":0,"menu_order":0,"comment_status":"closed","ping_status":"closed","template":"","meta":{"footnotes":""},"class_list":["post-152","page","type-page","status-publish","hentry","entry"],"_links":{"self":[{"href":"https:\/\/stutteri-laybourn.dk\/index.php?rest_route=\/wp\/v2\/pages\/152","targetHints":{"allow":["GET"]}}],"collection":[{"href":"https:\/\/stutteri-laybourn.dk\/index.php?rest_route=\/wp\/v2\/pages"}],"about":[{"href":"https:\/\/stutteri-laybourn.dk\/index.php?rest_route=\/wp\/v2\/types\/page"}],"author":[{"embeddable":true,"href":"https:\/\/stutteri-laybourn.dk\/index.php?rest_route=\/wp\/v2\/users\/1"}],"replies":[{"embeddable":true,"href":"https:\/\/stutteri-laybourn.dk\/index.php?rest_route=%2Fwp%2Fv2%2Fcomments&post=152"}],"version-history":[{"count":2,"href":"https:\/\/stutteri-laybourn.dk\/index.php?rest_route=\/wp\/v2\/pages\/152\/revisions"}],"predecessor-version":[{"id":166,"href":"https:\/\/stutteri-laybourn.dk\/index.php?rest_route=\/wp\/v2\/pages\/152\/revisions\/166"}],"wp:attachment":[{"href":"https:\/\/stutteri-laybourn.dk\/index.php?rest_route=%2Fwp%2Fv2%2Fmedia&parent=152"}],"curies":[{"name":"wp","href":"https:\/\/api.w.org\/{rel}","templated":true}]}}