{"id":149,"date":"2023-08-07T10:03:58","date_gmt":"2023-08-07T10:03:58","guid":{"rendered":"http:\/\/stutteri-laybourn.dk\/?page_id=149"},"modified":"2023-08-07T12:35:19","modified_gmt":"2023-08-07T12:35:19","slug":"morgan","status":"publish","type":"page","link":"https:\/\/stutteri-laybourn.dk\/?page_id=149","title":{"rendered":"Morgan"},"content":{"rendered":"\n<figure class=\"wp-block-image size-large\"><img loading=\"lazy\" decoding=\"async\" width=\"1024\" height=\"924\" src=\"https:\/\/stutteri-laybourn.dk\/wp-content\/uploads\/2023\/08\/morgan1-1024x924.jpeg\" alt=\"\" class=\"wp-image-150\" srcset=\"https:\/\/stutteri-laybourn.dk\/wp-content\/uploads\/2023\/08\/morgan1-1024x924.jpeg 1024w, https:\/\/stutteri-laybourn.dk\/wp-content\/uploads\/2023\/08\/morgan1-300x271.jpeg 300w, https:\/\/stutteri-laybourn.dk\/wp-content\/uploads\/2023\/08\/morgan1-768x693.jpeg 768w, https:\/\/stutteri-laybourn.dk\/wp-content\/uploads\/2023\/08\/morgan1.jpeg 1068w\" sizes=\"auto, (max-width: 1024px) 100vw, 1024px\" \/><\/figure>\n\n\n\n<p>Laybourns Captain Morgan<\/p>\n\n\n\n<p>f. 05\/2023<\/p>\n\n\n\n<p>M. Laybourns Purple Safran  (k\u00e5ret med 8 i helhed)<br>F. Tronn Fjording  (k\u00e5ret med 9 i helhed)<br>MF. Optimist Halsn\u00e6s  (k\u00e5ret med 9 i helhed)<\/p>\n\n\n\n<p>Morgan er en gul hingst med anl\u00e6g for r\u00f8d OG gr\u00e5            (farvetestet 28\/07-2023)<\/p>\n\n\n\n<p>Charmerende, velbygget hingst, med 3 gode gangarter.<\/p>\n\n\n\n<p>Oplagt emne til sport eller avl.<\/p>\n\n\n\n<p>Morgan besidder et super temperament, er kontakts\u00f8gende og er nysgerrig p\u00e5 nye ting. Morgan er vokset op med andre f\u00f8l og plage.<\/p>\n\n\n\n<p>Morgan kan de basale ting et f\u00f8l skal kunne.<\/p>\n\n\n\n<figure class=\"wp-block-image size-large\"><img loading=\"lazy\" decoding=\"async\" width=\"607\" height=\"1024\" src=\"https:\/\/stutteri-laybourn.dk\/wp-content\/uploads\/2023\/08\/morgan0-607x1024.jpeg\" alt=\"\" class=\"wp-image-167\" srcset=\"https:\/\/stutteri-laybourn.dk\/wp-content\/uploads\/2023\/08\/morgan0-607x1024.jpeg 607w, https:\/\/stutteri-laybourn.dk\/wp-content\/uploads\/2023\/08\/morgan0-178x300.jpeg 178w, https:\/\/stutteri-laybourn.dk\/wp-content\/uploads\/2023\/08\/morgan0-768x1296.jpeg 768w, https:\/\/stutteri-laybourn.dk\/wp-content\/uploads\/2023\/08\/morgan0.jpeg 864w\" sizes=\"auto, (max-width: 607px) 100vw, 607px\" \/><\/figure>\n\n\n\n<figure class=\"wp-block-image size-full\"><img loading=\"lazy\" decoding=\"async\" width=\"640\" height=\"480\" src=\"https:\/\/stutteri-laybourn.dk\/wp-content\/uploads\/2023\/08\/morgan2.jpeg\" alt=\"\" class=\"wp-image-169\" srcset=\"https:\/\/stutteri-laybourn.dk\/wp-content\/uploads\/2023\/08\/morgan2.jpeg 640w, https:\/\/stutteri-laybourn.dk\/wp-content\/uploads\/2023\/08\/morgan2-300x225.jpeg 300w\" sizes=\"auto, (max-width: 640px) 100vw, 640px\" \/><\/figure>\n\n\n\n<figure class=\"wp-block-image size-full\"><img loading=\"lazy\" decoding=\"async\" width=\"432\" height=\"640\" src=\"https:\/\/stutteri-laybourn.dk\/wp-content\/uploads\/2023\/08\/morgan3.jpeg\" alt=\"\" class=\"wp-image-170\" srcset=\"https:\/\/stutteri-laybourn.dk\/wp-content\/uploads\/2023\/08\/morgan3.jpeg 432w, https:\/\/stutteri-laybourn.dk\/wp-content\/uploads\/2023\/08\/morgan3-203x300.jpeg 203w\" sizes=\"auto, (max-width: 432px) 100vw, 432px\" \/><\/figure>\n","protected":false},"excerpt":{"rendered":"<p>Laybourns Captain Morgan f. 05\/2023 M. Laybourns Purple Safran (k\u00e5ret med 8 i helhed)F. Tronn Fjording (k\u00e5ret med 9 i helhed)MF. Optimist Halsn\u00e6s (k\u00e5ret med 9 i helhed) Morgan er en gul hingst med anl\u00e6g for r\u00f8d OG gr\u00e5 (farvetestet 28\/07-2023) Charmerende, velbygget hingst, med 3 gode gangarter. Oplagt emne til sport eller avl. Morgan&hellip; <a class=\"more-link\" href=\"https:\/\/stutteri-laybourn.dk\/?page_id=149\">L\u00e6s mere <span class=\"screen-reader-text\">Morgan<\/span><\/a><\/p>\n","protected":false},"author":1,"featured_media":0,"parent":0,"menu_order":0,"comment_status":"closed","ping_status":"closed","template":"","meta":{"footnotes":""},"class_list":["post-149","page","type-page","status-publish","hentry","entry"],"_links":{"self":[{"href":"https:\/\/stutteri-laybourn.dk\/index.php?rest_route=\/wp\/v2\/pages\/149","targetHints":{"allow":["GET"]}}],"collection":[{"href":"https:\/\/stutteri-laybourn.dk\/index.php?rest_route=\/wp\/v2\/pages"}],"about":[{"href":"https:\/\/stutteri-laybourn.dk\/index.php?rest_route=\/wp\/v2\/types\/page"}],"author":[{"embeddable":true,"href":"https:\/\/stutteri-laybourn.dk\/index.php?rest_route=\/wp\/v2\/users\/1"}],"replies":[{"embeddable":true,"href":"https:\/\/stutteri-laybourn.dk\/index.php?rest_route=%2Fwp%2Fv2%2Fcomments&post=149"}],"version-history":[{"count":3,"href":"https:\/\/stutteri-laybourn.dk\/index.php?rest_route=\/wp\/v2\/pages\/149\/revisions"}],"predecessor-version":[{"id":172,"href":"https:\/\/stutteri-laybourn.dk\/index.php?rest_route=\/wp\/v2\/pages\/149\/revisions\/172"}],"wp:attachment":[{"href":"https:\/\/stutteri-laybourn.dk\/index.php?rest_route=%2Fwp%2Fv2%2Fmedia&parent=149"}],"curies":[{"name":"wp","href":"https:\/\/api.w.org\/{rel}","templated":true}]}}